{"id":50,"date":"2018-03-27T00:30:57","date_gmt":"2018-03-27T03:30:57","guid":{"rendered":"http:\/\/casadearena.com.ar\/?page_id=50"},"modified":"2018-03-27T10:58:38","modified_gmt":"2018-03-27T13:58:38","slug":"quienes","status":"publish","type":"page","link":"https:\/\/casadearena.com.ar\/index.php\/quienes\/","title":{"rendered":"Quienes Somos"},"content":{"rendered":"\t\t<div data-elementor-type=\"wp-post\" data-elementor-id=\"50\" class=\"elementor elementor-50 elementor-bc-flex-widget\" data-elementor-post-type=\"page\">\n\t\t\t\t\t\t<section class=\"elementor-section elementor-top-section elementor-element elementor-element-d77efee elementor-section-boxed elementor-section-height-default elementor-section-height-default\" data-id=\"d77efee\" data-element_type=\"section\">\n\t\t\t\t\t\t<div class=\"elementor-container elementor-column-gap-default\">\n\t\t\t\t\t<div class=\"elementor-column elementor-col-100 elementor-top-column elementor-element elementor-element-270e1e9\" data-id=\"270e1e9\" data-element_type=\"column\">\n\t\t\t<div class=\"elementor-widget-wrap elementor-element-populated\">\n\t\t\t\t\t\t<div class=\"elementor-element elementor-element-1bbe974 elementor-widget elementor-widget-spacer\" data-id=\"1bbe974\" data-element_type=\"widget\" data-widget_type=\"spacer.default\">\n\t\t\t\t<div class=\"elementor-widget-container\">\n\t\t\t\t\t<div class=\"elementor-spacer\">\n\t\t\t<div class=\"elementor-spacer-inner\"><\/div>\n\t\t<\/div>\n\t\t\t\t<\/div>\n\t\t\t\t<\/div>\n\t\t\t\t<div class=\"elementor-element elementor-element-031c2d0 elementor-widget elementor-widget-text-editor\" data-id=\"031c2d0\" data-element_type=\"widget\" data-widget_type=\"text-editor.default\">\n\t\t\t\t<div class=\"elementor-widget-container\">\n\t\t\t\t\t\t\t<p><strong>CASA DE ARENA<\/strong> es un complejo en crecimiento donde la atenci\u00f3n personalizada de sus due\u00f1os logra la grata estad\u00eda de los hu\u00e9spedes.<br \/><strong>CASA DE ARENA<\/strong> queda frente al mar en <a href=\"https:\/\/goo.gl\/maps\/ur3xSsvakFG2\" target=\"_blank\" rel=\"noopener\"><strong>Nueva Atlantis<\/strong><\/a>.<\/p>\t\t\t\t\t\t<\/div>\n\t\t\t\t<\/div>\n\t\t\t\t\t<\/div>\n\t\t<\/div>\n\t\t\t\t\t<\/div>\n\t\t<\/section>\n\t\t\t\t<section class=\"elementor-section elementor-top-section elementor-element elementor-element-44d9899 elementor-section-full_width elementor-section-height-default elementor-section-height-default\" data-id=\"44d9899\" data-element_type=\"section\">\n\t\t\t\t\t\t<div class=\"elementor-container elementor-column-gap-default\">\n\t\t\t\t\t<div class=\"elementor-column elementor-col-100 elementor-top-column elementor-element elementor-element-d461a73\" data-id=\"d461a73\" data-element_type=\"column\">\n\t\t\t<div class=\"elementor-widget-wrap elementor-element-populated\">\n\t\t\t\t\t\t<div class=\"elementor-element elementor-element-ffbfd2f elementor-widget elementor-widget-image-gallery\" data-id=\"ffbfd2f\" data-element_type=\"widget\" data-widget_type=\"image-gallery.default\">\n\t\t\t\t<div class=\"elementor-widget-container\">\n\t\t\t\t\t<div class=\"elementor-image-gallery\">\n\t\t\t<div id='gallery-1' class='gallery galleryid-50 gallery-columns-10 gallery-size-full'><figure class='gallery-item'>\n\t\t\t<div class='gallery-icon portrait'>\n\t\t\t\t<a data-elementor-open-lightbox=\"yes\" data-elementor-lightbox-slideshow=\"ffbfd2f\" data-elementor-lightbox-title=\"QS4\" data-e-action-hash=\"#elementor-action%3Aaction%3Dlightbox%26settings%3DeyJpZCI6MjAxLCJ1cmwiOiJodHRwczpcL1wvY2FzYWRlYXJlbmEuY29tLmFyXC93cC1jb250ZW50XC91cGxvYWRzXC8yMDE4XC8wM1wvUVM0LmpwZyIsInNsaWRlc2hvdyI6ImZmYmZkMmYifQ%3D%3D\" href='https:\/\/casadearena.com.ar\/wp-content\/uploads\/2018\/03\/QS4.jpg'><img fetchpriority=\"high\" decoding=\"async\" width=\"166\" height=\"319\" src=\"https:\/\/casadearena.com.ar\/wp-content\/uploads\/2018\/03\/QS4.jpg\" class=\"attachment-full size-full\" alt=\"\" srcset=\"https:\/\/casadearena.com.ar\/wp-content\/uploads\/2018\/03\/QS4.jpg 166w, https:\/\/casadearena.com.ar\/wp-content\/uploads\/2018\/03\/QS4-156x300.jpg 156w\" sizes=\"(max-width: 166px) 100vw, 166px\" \/><\/a>\n\t\t\t<\/div><\/figure><figure class='gallery-item'>\n\t\t\t<div class='gallery-icon portrait'>\n\t\t\t\t<a data-elementor-open-lightbox=\"yes\" data-elementor-lightbox-slideshow=\"ffbfd2f\" data-elementor-lightbox-title=\"QS9\" data-e-action-hash=\"#elementor-action%3Aaction%3Dlightbox%26settings%3DeyJpZCI6MjA4LCJ1cmwiOiJodHRwczpcL1wvY2FzYWRlYXJlbmEuY29tLmFyXC93cC1jb250ZW50XC91cGxvYWRzXC8yMDE4XC8wM1wvUVM5LmpwZyIsInNsaWRlc2hvdyI6ImZmYmZkMmYifQ%3D%3D\" href='https:\/\/casadearena.com.ar\/wp-content\/uploads\/2018\/03\/QS9.jpg'><img decoding=\"async\" width=\"166\" height=\"319\" src=\"https:\/\/casadearena.com.ar\/wp-content\/uploads\/2018\/03\/QS9.jpg\" class=\"attachment-full size-full\" alt=\"\" srcset=\"https:\/\/casadearena.com.ar\/wp-content\/uploads\/2018\/03\/QS9.jpg 166w, https:\/\/casadearena.com.ar\/wp-content\/uploads\/2018\/03\/QS9-156x300.jpg 156w\" sizes=\"(max-width: 166px) 100vw, 166px\" \/><\/a>\n\t\t\t<\/div><\/figure><figure class='gallery-item'>\n\t\t\t<div class='gallery-icon portrait'>\n\t\t\t\t<a data-elementor-open-lightbox=\"yes\" data-elementor-lightbox-slideshow=\"ffbfd2f\" data-elementor-lightbox-title=\"QS11\" data-e-action-hash=\"#elementor-action%3Aaction%3Dlightbox%26settings%3DeyJpZCI6MjA3LCJ1cmwiOiJodHRwczpcL1wvY2FzYWRlYXJlbmEuY29tLmFyXC93cC1jb250ZW50XC91cGxvYWRzXC8yMDE4XC8wM1wvUVMxMS5qcGciLCJzbGlkZXNob3ciOiJmZmJmZDJmIn0%3D\" href='https:\/\/casadearena.com.ar\/wp-content\/uploads\/2018\/03\/QS11.jpg'><img decoding=\"async\" width=\"166\" height=\"319\" src=\"https:\/\/casadearena.com.ar\/wp-content\/uploads\/2018\/03\/QS11.jpg\" class=\"attachment-full size-full\" alt=\"\" srcset=\"https:\/\/casadearena.com.ar\/wp-content\/uploads\/2018\/03\/QS11.jpg 166w, https:\/\/casadearena.com.ar\/wp-content\/uploads\/2018\/03\/QS11-156x300.jpg 156w\" sizes=\"(max-width: 166px) 100vw, 166px\" \/><\/a>\n\t\t\t<\/div><\/figure><figure class='gallery-item'>\n\t\t\t<div class='gallery-icon portrait'>\n\t\t\t\t<a data-elementor-open-lightbox=\"yes\" data-elementor-lightbox-slideshow=\"ffbfd2f\" data-elementor-lightbox-title=\"QS18\" data-e-action-hash=\"#elementor-action%3Aaction%3Dlightbox%26settings%3DeyJpZCI6MjA1LCJ1cmwiOiJodHRwczpcL1wvY2FzYWRlYXJlbmEuY29tLmFyXC93cC1jb250ZW50XC91cGxvYWRzXC8yMDE4XC8wM1wvUVMxOC5qcGciLCJzbGlkZXNob3ciOiJmZmJmZDJmIn0%3D\" href='https:\/\/casadearena.com.ar\/wp-content\/uploads\/2018\/03\/QS18.jpg'><img loading=\"lazy\" decoding=\"async\" width=\"166\" height=\"319\" src=\"https:\/\/casadearena.com.ar\/wp-content\/uploads\/2018\/03\/QS18.jpg\" class=\"attachment-full size-full\" alt=\"\" srcset=\"https:\/\/casadearena.com.ar\/wp-content\/uploads\/2018\/03\/QS18.jpg 166w, https:\/\/casadearena.com.ar\/wp-content\/uploads\/2018\/03\/QS18-156x300.jpg 156w\" sizes=\"(max-width: 166px) 100vw, 166px\" \/><\/a>\n\t\t\t<\/div><\/figure><figure class='gallery-item'>\n\t\t\t<div class='gallery-icon portrait'>\n\t\t\t\t<a data-elementor-open-lightbox=\"yes\" data-elementor-lightbox-slideshow=\"ffbfd2f\" data-elementor-lightbox-title=\"QS8\" data-e-action-hash=\"#elementor-action%3Aaction%3Dlightbox%26settings%3DeyJpZCI6MTk5LCJ1cmwiOiJodHRwczpcL1wvY2FzYWRlYXJlbmEuY29tLmFyXC93cC1jb250ZW50XC91cGxvYWRzXC8yMDE4XC8wM1wvUVM4LmpwZyIsInNsaWRlc2hvdyI6ImZmYmZkMmYifQ%3D%3D\" href='https:\/\/casadearena.com.ar\/wp-content\/uploads\/2018\/03\/QS8.jpg'><img loading=\"lazy\" decoding=\"async\" width=\"166\" height=\"319\" src=\"https:\/\/casadearena.com.ar\/wp-content\/uploads\/2018\/03\/QS8.jpg\" class=\"attachment-full size-full\" alt=\"\" srcset=\"https:\/\/casadearena.com.ar\/wp-content\/uploads\/2018\/03\/QS8.jpg 166w, https:\/\/casadearena.com.ar\/wp-content\/uploads\/2018\/03\/QS8-156x300.jpg 156w\" sizes=\"(max-width: 166px) 100vw, 166px\" \/><\/a>\n\t\t\t<\/div><\/figure><figure class='gallery-item'>\n\t\t\t<div class='gallery-icon portrait'>\n\t\t\t\t<a data-elementor-open-lightbox=\"yes\" data-elementor-lightbox-slideshow=\"ffbfd2f\" data-elementor-lightbox-title=\"QS14\" data-e-action-hash=\"#elementor-action%3Aaction%3Dlightbox%26settings%3DeyJpZCI6MjA2LCJ1cmwiOiJodHRwczpcL1wvY2FzYWRlYXJlbmEuY29tLmFyXC93cC1jb250ZW50XC91cGxvYWRzXC8yMDE4XC8wM1wvUVMxNC5qcGciLCJzbGlkZXNob3ciOiJmZmJmZDJmIn0%3D\" href='https:\/\/casadearena.com.ar\/wp-content\/uploads\/2018\/03\/QS14.jpg'><img loading=\"lazy\" decoding=\"async\" width=\"166\" height=\"319\" src=\"https:\/\/casadearena.com.ar\/wp-content\/uploads\/2018\/03\/QS14.jpg\" class=\"attachment-full size-full\" alt=\"\" srcset=\"https:\/\/casadearena.com.ar\/wp-content\/uploads\/2018\/03\/QS14.jpg 166w, https:\/\/casadearena.com.ar\/wp-content\/uploads\/2018\/03\/QS14-156x300.jpg 156w\" sizes=\"(max-width: 166px) 100vw, 166px\" \/><\/a>\n\t\t\t<\/div><\/figure><figure class='gallery-item'>\n\t\t\t<div class='gallery-icon portrait'>\n\t\t\t\t<a data-elementor-open-lightbox=\"yes\" data-elementor-lightbox-slideshow=\"ffbfd2f\" data-elementor-lightbox-title=\"QS3\" data-e-action-hash=\"#elementor-action%3Aaction%3Dlightbox%26settings%3DeyJpZCI6MjA0LCJ1cmwiOiJodHRwczpcL1wvY2FzYWRlYXJlbmEuY29tLmFyXC93cC1jb250ZW50XC91cGxvYWRzXC8yMDE4XC8wM1wvUVMzLmpwZyIsInNsaWRlc2hvdyI6ImZmYmZkMmYifQ%3D%3D\" href='https:\/\/casadearena.com.ar\/wp-content\/uploads\/2018\/03\/QS3.jpg'><img loading=\"lazy\" decoding=\"async\" width=\"166\" height=\"319\" src=\"https:\/\/casadearena.com.ar\/wp-content\/uploads\/2018\/03\/QS3.jpg\" class=\"attachment-full size-full\" alt=\"\" srcset=\"https:\/\/casadearena.com.ar\/wp-content\/uploads\/2018\/03\/QS3.jpg 166w, https:\/\/casadearena.com.ar\/wp-content\/uploads\/2018\/03\/QS3-156x300.jpg 156w\" sizes=\"(max-width: 166px) 100vw, 166px\" \/><\/a>\n\t\t\t<\/div><\/figure><figure class='gallery-item'>\n\t\t\t<div class='gallery-icon portrait'>\n\t\t\t\t<a data-elementor-open-lightbox=\"yes\" data-elementor-lightbox-slideshow=\"ffbfd2f\" data-elementor-lightbox-title=\"QS2\" data-e-action-hash=\"#elementor-action%3Aaction%3Dlightbox%26settings%3DeyJpZCI6MjAzLCJ1cmwiOiJodHRwczpcL1wvY2FzYWRlYXJlbmEuY29tLmFyXC93cC1jb250ZW50XC91cGxvYWRzXC8yMDE4XC8wM1wvUVMyLmpwZyIsInNsaWRlc2hvdyI6ImZmYmZkMmYifQ%3D%3D\" href='https:\/\/casadearena.com.ar\/wp-content\/uploads\/2018\/03\/QS2.jpg'><img loading=\"lazy\" decoding=\"async\" width=\"166\" height=\"319\" src=\"https:\/\/casadearena.com.ar\/wp-content\/uploads\/2018\/03\/QS2.jpg\" class=\"attachment-full size-full\" alt=\"\" srcset=\"https:\/\/casadearena.com.ar\/wp-content\/uploads\/2018\/03\/QS2.jpg 166w, https:\/\/casadearena.com.ar\/wp-content\/uploads\/2018\/03\/QS2-156x300.jpg 156w\" sizes=\"(max-width: 166px) 100vw, 166px\" \/><\/a>\n\t\t\t<\/div><\/figure><figure class='gallery-item'>\n\t\t\t<div class='gallery-icon portrait'>\n\t\t\t\t<a data-elementor-open-lightbox=\"yes\" data-elementor-lightbox-slideshow=\"ffbfd2f\" data-elementor-lightbox-title=\"QS1\" data-e-action-hash=\"#elementor-action%3Aaction%3Dlightbox%26settings%3DeyJpZCI6MjAyLCJ1cmwiOiJodHRwczpcL1wvY2FzYWRlYXJlbmEuY29tLmFyXC93cC1jb250ZW50XC91cGxvYWRzXC8yMDE4XC8wM1wvUVMxLmpwZyIsInNsaWRlc2hvdyI6ImZmYmZkMmYifQ%3D%3D\" href='https:\/\/casadearena.com.ar\/wp-content\/uploads\/2018\/03\/QS1.jpg'><img loading=\"lazy\" decoding=\"async\" width=\"166\" height=\"319\" src=\"https:\/\/casadearena.com.ar\/wp-content\/uploads\/2018\/03\/QS1.jpg\" class=\"attachment-full size-full\" alt=\"\" srcset=\"https:\/\/casadearena.com.ar\/wp-content\/uploads\/2018\/03\/QS1.jpg 166w, https:\/\/casadearena.com.ar\/wp-content\/uploads\/2018\/03\/QS1-156x300.jpg 156w\" sizes=\"(max-width: 166px) 100vw, 166px\" \/><\/a>\n\t\t\t<\/div><\/figure><figure class='gallery-item'>\n\t\t\t<div class='gallery-icon portrait'>\n\t\t\t\t<a data-elementor-open-lightbox=\"yes\" data-elementor-lightbox-slideshow=\"ffbfd2f\" data-elementor-lightbox-title=\"QS6\" data-e-action-hash=\"#elementor-action%3Aaction%3Dlightbox%26settings%3DeyJpZCI6MjAwLCJ1cmwiOiJodHRwczpcL1wvY2FzYWRlYXJlbmEuY29tLmFyXC93cC1jb250ZW50XC91cGxvYWRzXC8yMDE4XC8wM1wvUVM2LmpwZyIsInNsaWRlc2hvdyI6ImZmYmZkMmYifQ%3D%3D\" href='https:\/\/casadearena.com.ar\/wp-content\/uploads\/2018\/03\/QS6.jpg'><img loading=\"lazy\" decoding=\"async\" width=\"166\" height=\"319\" src=\"https:\/\/casadearena.com.ar\/wp-content\/uploads\/2018\/03\/QS6.jpg\" class=\"attachment-full size-full\" alt=\"\" srcset=\"https:\/\/casadearena.com.ar\/wp-content\/uploads\/2018\/03\/QS6.jpg 166w, https:\/\/casadearena.com.ar\/wp-content\/uploads\/2018\/03\/QS6-156x300.jpg 156w\" sizes=\"(max-width: 166px) 100vw, 166px\" \/><\/a>\n\t\t\t<\/div><\/figure>\n\t\t<\/div>\n\t\t<\/div>\n\t\t\t\t<\/div>\n\t\t\t\t<\/div>\n\t\t\t\t\t<\/div>\n\t\t<\/div>\n\t\t\t\t\t<\/div>\n\t\t<\/section>\n\t\t\t\t<section class=\"elementor-section elementor-top-section elementor-element elementor-element-daacd5a elementor-section-full_width elementor-section-height-default elementor-section-height-default\" data-id=\"daacd5a\" data-element_type=\"section\">\n\t\t\t\t\t\t<div class=\"elementor-container elementor-column-gap-default\">\n\t\t\t\t\t<div class=\"elementor-column elementor-col-100 elementor-top-column elementor-element elementor-element-cbc93a4\" data-id=\"cbc93a4\" data-element_type=\"column\">\n\t\t\t<div class=\"elementor-widget-wrap elementor-element-populated\">\n\t\t\t\t\t\t<div class=\"elementor-element elementor-element-70f5dcd elementor-widget-divider--view-line elementor-widget elementor-widget-divider\" data-id=\"70f5dcd\" data-element_type=\"widget\" data-widget_type=\"divider.default\">\n\t\t\t\t<div class=\"elementor-widget-container\">\n\t\t\t\t\t<div class=\"elementor-divider\">\n\t\t\t<span class=\"elementor-divider-separator\">\n\t\t\t\t\t\t<\/span>\n\t\t<\/div>\n\t\t\t\t<\/div>\n\t\t\t\t<\/div>\n\t\t\t\t\t<\/div>\n\t\t<\/div>\n\t\t\t\t\t<\/div>\n\t\t<\/section>\n\t\t\t\t<section class=\"elementor-section elementor-top-section elementor-element elementor-element-ce855da elementor-section-boxed elementor-section-height-default elementor-section-height-default\" data-id=\"ce855da\" data-element_type=\"section\">\n\t\t\t\t\t\t<div class=\"elementor-container elementor-column-gap-default\">\n\t\t\t\t\t<div class=\"elementor-column elementor-col-100 elementor-top-column elementor-element elementor-element-b0742e2\" data-id=\"b0742e2\" data-element_type=\"column\">\n\t\t\t<div class=\"elementor-widget-wrap elementor-element-populated\">\n\t\t\t\t\t\t<section class=\"elementor-section elementor-inner-section elementor-element elementor-element-20b81b5 elementor-section-boxed elementor-section-height-default elementor-section-height-default\" data-id=\"20b81b5\" data-element_type=\"section\">\n\t\t\t\t\t\t<div class=\"elementor-container elementor-column-gap-default\">\n\t\t\t\t\t<div class=\"elementor-column elementor-col-20 elementor-inner-column elementor-element elementor-element-e79c179\" data-id=\"e79c179\" data-element_type=\"column\">\n\t\t\t<div class=\"elementor-widget-wrap elementor-element-populated\">\n\t\t\t\t\t\t<div class=\"elementor-element elementor-element-8cc1904 elementor-view-default elementor-position-top elementor-mobile-position-top elementor-widget elementor-widget-icon-box\" data-id=\"8cc1904\" data-element_type=\"widget\" data-widget_type=\"icon-box.default\">\n\t\t\t\t<div class=\"elementor-widget-container\">\n\t\t\t\t\t<div class=\"elementor-icon-box-wrapper\">\n\n\t\t\t\t\t\t<div class=\"elementor-icon-box-icon\">\n\t\t\t\t<a href=\"https:\/\/goo.gl\/maps\/ur3xSsvakFG2\" target=\"_blank\" class=\"elementor-icon elementor-animation-\" tabindex=\"-1\">\n\t\t\t\t<i class=\"fa fa-map-marker\" aria-hidden=\"true\"><\/i>\t\t\t\t<\/a>\n\t\t\t<\/div>\n\t\t\t\n\t\t\t\t\t\t<div class=\"elementor-icon-box-content\">\n\n\t\t\t\t\t\t\t\t\t<h3 class=\"elementor-icon-box-title\">\n\t\t\t\t\t\t<a href=\"https:\/\/goo.gl\/maps\/ur3xSsvakFG2\" target=\"_blank\" >\n\t\t\t\t\t\t\tHip\u00f3lito Yrigoyen 3200, Nueva Atlantis, Buenos Aires\t\t\t\t\t\t<\/a>\n\t\t\t\t\t<\/h3>\n\t\t\t\t\n\t\t\t\t\n\t\t\t<\/div>\n\t\t\t\n\t\t<\/div>\n\t\t\t\t<\/div>\n\t\t\t\t<\/div>\n\t\t\t\t\t<\/div>\n\t\t<\/div>\n\t\t\t\t<div class=\"elementor-column elementor-col-20 elementor-inner-column elementor-element elementor-element-de4b0d2\" data-id=\"de4b0d2\" data-element_type=\"column\">\n\t\t\t<div class=\"elementor-widget-wrap elementor-element-populated\">\n\t\t\t\t\t\t<div class=\"elementor-element elementor-element-0114013 elementor-view-default elementor-position-top elementor-mobile-position-top elementor-widget elementor-widget-icon-box\" data-id=\"0114013\" data-element_type=\"widget\" data-widget_type=\"icon-box.default\">\n\t\t\t\t<div class=\"elementor-widget-container\">\n\t\t\t\t\t<div class=\"elementor-icon-box-wrapper\">\n\n\t\t\t\t\t\t<div class=\"elementor-icon-box-icon\">\n\t\t\t\t<a href=\"https:\/\/api.whatsapp.com\/send?phone=541140515355\" target=\"_blank\" class=\"elementor-icon elementor-animation-\" tabindex=\"-1\">\n\t\t\t\t<i class=\"fa fa-whatsapp\" aria-hidden=\"true\"><\/i>\t\t\t\t<\/a>\n\t\t\t<\/div>\n\t\t\t\n\t\t\t\t\t\t<div class=\"elementor-icon-box-content\">\n\n\t\t\t\t\t\t\t\t\t<h3 class=\"elementor-icon-box-title\">\n\t\t\t\t\t\t<a href=\"https:\/\/api.whatsapp.com\/send?phone=541140515355\" target=\"_blank\" >\n\t\t\t\t\t\t\t15.4051.5355\t\t\t\t\t\t<\/a>\n\t\t\t\t\t<\/h3>\n\t\t\t\t\n\t\t\t\t\n\t\t\t<\/div>\n\t\t\t\n\t\t<\/div>\n\t\t\t\t<\/div>\n\t\t\t\t<\/div>\n\t\t\t\t\t<\/div>\n\t\t<\/div>\n\t\t\t\t<div class=\"elementor-column elementor-col-20 elementor-inner-column elementor-element elementor-element-56ce0b8\" data-id=\"56ce0b8\" data-element_type=\"column\">\n\t\t\t<div class=\"elementor-widget-wrap elementor-element-populated\">\n\t\t\t\t\t\t<div class=\"elementor-element elementor-element-59c2bc8 elementor-view-default elementor-position-top elementor-mobile-position-top elementor-widget elementor-widget-icon-box\" data-id=\"59c2bc8\" data-element_type=\"widget\" data-widget_type=\"icon-box.default\">\n\t\t\t\t<div class=\"elementor-widget-container\">\n\t\t\t\t\t<div class=\"elementor-icon-box-wrapper\">\n\n\t\t\t\t\t\t<div class=\"elementor-icon-box-icon\">\n\t\t\t\t<span  class=\"elementor-icon elementor-animation-\">\n\t\t\t\t<i class=\"fa fa-phone\" aria-hidden=\"true\"><\/i>\t\t\t\t<\/span>\n\t\t\t<\/div>\n\t\t\t\n\t\t\t\t\t\t<div class=\"elementor-icon-box-content\">\n\n\t\t\t\t\t\t\t\t\t<h3 class=\"elementor-icon-box-title\">\n\t\t\t\t\t\t<span  >\n\t\t\t\t\t\t\t5411 4765.8780 \t\t\t\t\t\t<\/span>\n\t\t\t\t\t<\/h3>\n\t\t\t\t\n\t\t\t\t\n\t\t\t<\/div>\n\t\t\t\n\t\t<\/div>\n\t\t\t\t<\/div>\n\t\t\t\t<\/div>\n\t\t\t\t\t<\/div>\n\t\t<\/div>\n\t\t\t\t<div class=\"elementor-column elementor-col-20 elementor-inner-column elementor-element elementor-element-ebdd2c5\" data-id=\"ebdd2c5\" data-element_type=\"column\">\n\t\t\t<div class=\"elementor-widget-wrap elementor-element-populated\">\n\t\t\t\t\t\t<div class=\"elementor-element elementor-element-a11531e elementor-view-default elementor-position-top elementor-mobile-position-top elementor-widget elementor-widget-icon-box\" data-id=\"a11531e\" data-element_type=\"widget\" data-widget_type=\"icon-box.default\">\n\t\t\t\t<div class=\"elementor-widget-container\">\n\t\t\t\t\t<div class=\"elementor-icon-box-wrapper\">\n\n\t\t\t\t\t\t<div class=\"elementor-icon-box-icon\">\n\t\t\t\t<span  class=\"elementor-icon elementor-animation-\">\n\t\t\t\t<i class=\"fa fa-mobile-phone\" aria-hidden=\"true\"><\/i>\t\t\t\t<\/span>\n\t\t\t<\/div>\n\t\t\t\n\t\t\t\t\t\t<div class=\"elementor-icon-box-content\">\n\n\t\t\t\t\t\t\t\t\t<h3 class=\"elementor-icon-box-title\">\n\t\t\t\t\t\t<span  >\n\t\t\t\t\t\t\t15.4051.5355\t\t\t\t\t\t<\/span>\n\t\t\t\t\t<\/h3>\n\t\t\t\t\n\t\t\t\t\n\t\t\t<\/div>\n\t\t\t\n\t\t<\/div>\n\t\t\t\t<\/div>\n\t\t\t\t<\/div>\n\t\t\t\t\t<\/div>\n\t\t<\/div>\n\t\t\t\t<div class=\"elementor-column elementor-col-20 elementor-inner-column elementor-element elementor-element-b0b180e\" data-id=\"b0b180e\" data-element_type=\"column\">\n\t\t\t<div class=\"elementor-widget-wrap elementor-element-populated\">\n\t\t\t\t\t\t<div class=\"elementor-element elementor-element-215b2f2 elementor-view-default elementor-position-top elementor-mobile-position-top elementor-widget elementor-widget-icon-box\" data-id=\"215b2f2\" data-element_type=\"widget\" data-widget_type=\"icon-box.default\">\n\t\t\t\t<div class=\"elementor-widget-container\">\n\t\t\t\t\t<div class=\"elementor-icon-box-wrapper\">\n\n\t\t\t\t\t\t<div class=\"elementor-icon-box-icon\">\n\t\t\t\t<a href=\"mailto:info@casadearena.com.ar\" target=\"_blank\" class=\"elementor-icon elementor-animation-\" tabindex=\"-1\">\n\t\t\t\t<i class=\"fa fa-envelope-o\" aria-hidden=\"true\"><\/i>\t\t\t\t<\/a>\n\t\t\t<\/div>\n\t\t\t\n\t\t\t\t\t\t<div class=\"elementor-icon-box-content\">\n\n\t\t\t\t\t\t\t\t\t<h3 class=\"elementor-icon-box-title\">\n\t\t\t\t\t\t<a href=\"mailto:info@casadearena.com.ar\" target=\"_blank\" >\n\t\t\t\t\t\t\tinfo@casadearena.com.ar\t\t\t\t\t\t<\/a>\n\t\t\t\t\t<\/h3>\n\t\t\t\t\n\t\t\t\t\n\t\t\t<\/div>\n\t\t\t\n\t\t<\/div>\n\t\t\t\t<\/div>\n\t\t\t\t<\/div>\n\t\t\t\t\t<\/div>\n\t\t<\/div>\n\t\t\t\t\t<\/div>\n\t\t<\/section>\n\t\t\t\t\t<\/div>\n\t\t<\/div>\n\t\t\t\t\t<\/div>\n\t\t<\/section>\n\t\t\t\t<section class=\"elementor-section elementor-top-section elementor-element elementor-element-b569131 elementor-section-full_width elementor-section-height-default elementor-section-height-default\" data-id=\"b569131\" data-element_type=\"section\">\n\t\t\t\t\t\t<div class=\"elementor-container elementor-column-gap-default\">\n\t\t\t\t\t<div class=\"elementor-column elementor-col-100 elementor-top-column elementor-element elementor-element-e061be0\" data-id=\"e061be0\" data-element_type=\"column\">\n\t\t\t<div class=\"elementor-widget-wrap elementor-element-populated\">\n\t\t\t\t\t\t<div class=\"elementor-element elementor-element-eaa79f3 elementor-widget-divider--view-line elementor-widget elementor-widget-divider\" data-id=\"eaa79f3\" data-element_type=\"widget\" data-widget_type=\"divider.default\">\n\t\t\t\t<div class=\"elementor-widget-container\">\n\t\t\t\t\t<div class=\"elementor-divider\">\n\t\t\t<span class=\"elementor-divider-separator\">\n\t\t\t\t\t\t<\/span>\n\t\t<\/div>\n\t\t\t\t<\/div>\n\t\t\t\t<\/div>\n\t\t\t\t\t<\/div>\n\t\t<\/div>\n\t\t\t\t\t<\/div>\n\t\t<\/section>\n\t\t\t\t<\/div>\n\t\t","protected":false},"excerpt":{"rendered":"<p>CASA DE ARENA es un complejo en crecimiento donde la atenci\u00f3n personalizada de sus due\u00f1os logra la grata estad\u00eda de los hu\u00e9spedes.CASA DE ARENA queda frente al mar en Nueva Atlantis. Hip\u00f3lito Yrigoyen 3200, Nueva Atlantis, Buenos Aires 15.4051.5355 5411 4765.8780 15.4051.5355 info@casadearena.com.ar<\/p>\n","protected":false},"author":1,"featured_media":0,"parent":0,"menu_order":2,"comment_status":"closed","ping_status":"closed","template":"","meta":{"om_disable_all_campaigns":false,"footnotes":""},"_links":{"self":[{"href":"https:\/\/casadearena.com.ar\/index.php\/wp-json\/wp\/v2\/pages\/50"}],"collection":[{"href":"https:\/\/casadearena.com.ar\/index.php\/wp-json\/wp\/v2\/pages"}],"about":[{"href":"https:\/\/casadearena.com.ar\/index.php\/wp-json\/wp\/v2\/types\/page"}],"author":[{"embeddable":true,"href":"https:\/\/casadearena.com.ar\/index.php\/wp-json\/wp\/v2\/users\/1"}],"replies":[{"embeddable":true,"href":"https:\/\/casadearena.com.ar\/index.php\/wp-json\/wp\/v2\/comments?post=50"}],"version-history":[{"count":5,"href":"https:\/\/casadearena.com.ar\/index.php\/wp-json\/wp\/v2\/pages\/50\/revisions"}],"predecessor-version":[{"id":237,"href":"https:\/\/casadearena.com.ar\/index.php\/wp-json\/wp\/v2\/pages\/50\/revisions\/237"}],"wp:attachment":[{"href":"https:\/\/casadearena.com.ar\/index.php\/wp-json\/wp\/v2\/media?parent=50"}],"curies":[{"name":"wp","href":"https:\/\/api.w.org\/{rel}","templated":true}]}}